{"id":45,"date":"2026-03-31T11:42:34","date_gmt":"2026-03-31T09:42:34","guid":{"rendered":"https:\/\/artefloral.areaformacioncastellon.es\/?page_id=45"},"modified":"2026-04-27T13:44:49","modified_gmt":"2026-04-27T11:44:49","slug":"blog-personalizada","status":"publish","type":"page","link":"https:\/\/artefloral.areaformacioncastellon.es\/index.php\/blog-personalizada\/","title":{"rendered":"el bloc de las flores"},"content":{"rendered":"\t\t<div data-elementor-type=\"wp-page\" data-elementor-id=\"45\" class=\"elementor elementor-45\" data-elementor-post-type=\"page\">\n\t\t\t\t<div class=\"elementor-element elementor-element-93e7a99 e-flex e-con-boxed e-con e-parent\" data-id=\"93e7a99\" data-element_type=\"container\" data-e-type=\"container\" data-settings=\"{&quot;background_background&quot;:&quot;classic&quot;}\">\n\t\t\t\t\t<div class=\"e-con-inner\">\n\t\t\t\t<div class=\"elementor-element elementor-element-e3c6dc3 elementor-widget elementor-widget-heading\" data-id=\"e3c6dc3\" data-element_type=\"widget\" data-e-type=\"widget\" data-widget_type=\"heading.default\">\n\t\t\t\t\t<h2 class=\"elementor-heading-title elementor-size-default\">EL BLOG DE LAS FLORES<\/h2>\t\t\t\t<\/div>\n\t\t\t\t\t<\/div>\n\t\t\t\t<\/div>\n\t\t<div class=\"elementor-element elementor-element-a27223c e-flex e-con-boxed e-con e-parent\" data-id=\"a27223c\" data-element_type=\"container\" data-e-type=\"container\" data-settings=\"{&quot;background_background&quot;:&quot;classic&quot;}\">\n\t\t\t\t\t<div class=\"e-con-inner\">\n\t\t\t\t<div class=\"elementor-element elementor-element-9e5a9c1 elementor-widget__width-inherit elementor-grid-2 elementor-grid-tablet-2 elementor-grid-mobile-1 elementor-posts--thumbnail-top elementor-widget elementor-widget-posts\" data-id=\"9e5a9c1\" data-element_type=\"widget\" data-e-type=\"widget\" data-settings=\"{&quot;motion_fx_motion_fx_mouse&quot;:&quot;yes&quot;,&quot;classic_columns&quot;:&quot;2&quot;,&quot;classic_columns_tablet&quot;:&quot;2&quot;,&quot;classic_columns_mobile&quot;:&quot;1&quot;,&quot;classic_row_gap&quot;:{&quot;unit&quot;:&quot;px&quot;,&quot;size&quot;:35,&quot;sizes&quot;:[]},&quot;classic_row_gap_tablet&quot;:{&quot;unit&quot;:&quot;px&quot;,&quot;size&quot;:&quot;&quot;,&quot;sizes&quot;:[]},&quot;classic_row_gap_mobile&quot;:{&quot;unit&quot;:&quot;px&quot;,&quot;size&quot;:&quot;&quot;,&quot;sizes&quot;:[]}}\" data-widget_type=\"posts.classic\">\n\t\t\t\t<div class=\"elementor-widget-container\">\n\t\t\t\t\t\t\t<div class=\"elementor-posts-container elementor-posts elementor-posts--skin-classic elementor-grid\" role=\"list\">\n\t\t\t\t<article class=\"elementor-post elementor-grid-item post-75 post type-post status-publish format-standard has-post-thumbnail hentry category-sin-categoria\" role=\"listitem\">\n\t\t\t\t<a class=\"elementor-post__thumbnail__link\" href=\"https:\/\/artefloral.areaformacioncastellon.es\/index.php\/2026\/04\/01\/comuniones-2\/\" tabindex=\"-1\" >\n\t\t\t<div class=\"elementor-post__thumbnail\"><img fetchpriority=\"high\" decoding=\"async\" width=\"300\" height=\"200\" src=\"https:\/\/artefloral.areaformacioncastellon.es\/wp-content\/uploads\/2026\/04\/FLORES-COMUNION-300x200.jpg\" class=\"attachment-medium size-medium wp-image-72\" alt=\"\" \/><\/div>\n\t\t<\/a>\n\t\t\t\t<div class=\"elementor-post__text\">\n\t\t\t\t<h3 class=\"elementor-post__title\">\n\t\t\t<a href=\"https:\/\/artefloral.areaformacioncastellon.es\/index.php\/2026\/04\/01\/comuniones-2\/\" >\n\t\t\t\tCOMUNIONES\t\t\t<\/a>\n\t\t<\/h3>\n\t\t\t\t<div class=\"elementor-post__meta-data\">\n\t\t\t\t\t<span class=\"elementor-post-date\">\n\t\t\t1 de abril de 2026\t\t<\/span>\n\t\t\t\t<span class=\"elementor-post-avatar\">\n\t\t\tNo hay comentarios\t\t<\/span>\n\t\t\t\t<\/div>\n\t\t\t\t<div class=\"elementor-post__excerpt\">\n\t\t\t<p>En un d\u00eda tan especial, cada detalle cuenta. En nuestra florister\u00eda online te ofrecemos decoraciones florales para comuniones dise\u00f1adas para<\/p>\n\t\t<\/div>\n\t\t\n\t\t<a class=\"elementor-post__read-more\" href=\"https:\/\/artefloral.areaformacioncastellon.es\/index.php\/2026\/04\/01\/comuniones-2\/\" aria-label=\"Read more about COMUNIONES\" tabindex=\"-1\" >\n\t\t\tRead More \u00bb\t\t<\/a>\n\n\t\t\t\t<\/div>\n\t\t\t\t<\/article>\n\t\t\t\t<article class=\"elementor-post elementor-grid-item post-36 post type-post status-publish format-standard has-post-thumbnail hentry category-sin-categoria\" role=\"listitem\">\n\t\t\t\t<a class=\"elementor-post__thumbnail__link\" href=\"https:\/\/artefloral.areaformacioncastellon.es\/index.php\/2026\/03\/31\/ramos-de-novia-personalizados\/\" tabindex=\"-1\" >\n\t\t\t<div class=\"elementor-post__thumbnail\"><img decoding=\"async\" width=\"300\" height=\"300\" src=\"https:\/\/artefloral.areaformacioncastellon.es\/wp-content\/uploads\/2026\/03\/ramo-de-novia-300x300.jpg\" class=\"attachment-medium size-medium wp-image-37\" alt=\"\" srcset=\"https:\/\/artefloral.areaformacioncastellon.es\/wp-content\/uploads\/2026\/03\/ramo-de-novia-300x300.jpg 300w, https:\/\/artefloral.areaformacioncastellon.es\/wp-content\/uploads\/2026\/03\/ramo-de-novia-150x150.jpg 150w, https:\/\/artefloral.areaformacioncastellon.es\/wp-content\/uploads\/2026\/03\/ramo-de-novia.jpg 452w\" sizes=\"(max-width: 300px) 100vw, 300px\" \/><\/div>\n\t\t<\/a>\n\t\t\t\t<div class=\"elementor-post__text\">\n\t\t\t\t<h3 class=\"elementor-post__title\">\n\t\t\t<a href=\"https:\/\/artefloral.areaformacioncastellon.es\/index.php\/2026\/03\/31\/ramos-de-novia-personalizados\/\" >\n\t\t\t\tramos de novia personalizados\t\t\t<\/a>\n\t\t<\/h3>\n\t\t\t\t<div class=\"elementor-post__meta-data\">\n\t\t\t\t\t<span class=\"elementor-post-date\">\n\t\t\t31 de marzo de 2026\t\t<\/span>\n\t\t\t\t<span class=\"elementor-post-avatar\">\n\t\t\tNo hay comentarios\t\t<\/span>\n\t\t\t\t<\/div>\n\t\t\t\t<div class=\"elementor-post__excerpt\">\n\t\t\t<p>En nuestra tienda online transformamos tus emociones en flores. Sabemos que cada boda es \u00fanica y, por eso, dise\u00f1amos ramos<\/p>\n\t\t<\/div>\n\t\t\n\t\t<a class=\"elementor-post__read-more\" href=\"https:\/\/artefloral.areaformacioncastellon.es\/index.php\/2026\/03\/31\/ramos-de-novia-personalizados\/\" aria-label=\"Read more about ramos de novia personalizados\" tabindex=\"-1\" >\n\t\t\tRead More \u00bb\t\t<\/a>\n\n\t\t\t\t<\/div>\n\t\t\t\t<\/article>\n\t\t\t\t<article class=\"elementor-post elementor-grid-item post-32 post type-post status-publish format-standard has-post-thumbnail hentry category-ocasiones-especiales\" role=\"listitem\">\n\t\t\t\t<a class=\"elementor-post__thumbnail__link\" href=\"https:\/\/artefloral.areaformacioncastellon.es\/index.php\/2026\/03\/31\/dia-de-la-madre\/\" tabindex=\"-1\" >\n\t\t\t<div class=\"elementor-post__thumbnail\"><img decoding=\"async\" width=\"300\" height=\"200\" src=\"https:\/\/artefloral.areaformacioncastellon.es\/wp-content\/uploads\/2026\/03\/web-flores-online-imagen-2-300x200.png\" class=\"attachment-medium size-medium wp-image-12\" alt=\"\" srcset=\"https:\/\/artefloral.areaformacioncastellon.es\/wp-content\/uploads\/2026\/03\/web-flores-online-imagen-2-300x200.png 300w, https:\/\/artefloral.areaformacioncastellon.es\/wp-content\/uploads\/2026\/03\/web-flores-online-imagen-2-1024x683.png 1024w, https:\/\/artefloral.areaformacioncastellon.es\/wp-content\/uploads\/2026\/03\/web-flores-online-imagen-2-768x512.png 768w, https:\/\/artefloral.areaformacioncastellon.es\/wp-content\/uploads\/2026\/03\/web-flores-online-imagen-2.png 1536w\" sizes=\"(max-width: 300px) 100vw, 300px\" \/><\/div>\n\t\t<\/a>\n\t\t\t\t<div class=\"elementor-post__text\">\n\t\t\t\t<h3 class=\"elementor-post__title\">\n\t\t\t<a href=\"https:\/\/artefloral.areaformacioncastellon.es\/index.php\/2026\/03\/31\/dia-de-la-madre\/\" >\n\t\t\t\tdia de la madre\t\t\t<\/a>\n\t\t<\/h3>\n\t\t\t\t<div class=\"elementor-post__meta-data\">\n\t\t\t\t\t<span class=\"elementor-post-date\">\n\t\t\t31 de marzo de 2026\t\t<\/span>\n\t\t\t\t<span class=\"elementor-post-avatar\">\n\t\t\tNo hay comentarios\t\t<\/span>\n\t\t\t\t<\/div>\n\t\t\t\t<div class=\"elementor-post__excerpt\">\n\t\t\t<p>El D\u00eda de la Madre es una ocasi\u00f3n especial para celebrar a esas mujeres extraordinarias que llenan nuestra vida de<\/p>\n\t\t<\/div>\n\t\t\n\t\t<a class=\"elementor-post__read-more\" href=\"https:\/\/artefloral.areaformacioncastellon.es\/index.php\/2026\/03\/31\/dia-de-la-madre\/\" aria-label=\"Read more about dia de la madre\" tabindex=\"-1\" >\n\t\t\tRead More \u00bb\t\t<\/a>\n\n\t\t\t\t<\/div>\n\t\t\t\t<\/article>\n\t\t\t\t<article class=\"elementor-post elementor-grid-item post-27 post type-post status-publish format-standard has-post-thumbnail hentry category-ocasiones-especiales tag-san-valentin\" role=\"listitem\">\n\t\t\t\t<a class=\"elementor-post__thumbnail__link\" href=\"https:\/\/artefloral.areaformacioncastellon.es\/index.php\/2026\/03\/30\/san-valentin\/\" tabindex=\"-1\" >\n\t\t\t<div class=\"elementor-post__thumbnail\"><img loading=\"lazy\" decoding=\"async\" width=\"300\" height=\"300\" src=\"https:\/\/artefloral.areaformacioncastellon.es\/wp-content\/uploads\/2026\/03\/mini-brindis-con-rosas-y-champan-300x300.webp\" class=\"attachment-medium size-medium wp-image-11\" alt=\"\" srcset=\"https:\/\/artefloral.areaformacioncastellon.es\/wp-content\/uploads\/2026\/03\/mini-brindis-con-rosas-y-champan-300x300.webp 300w, https:\/\/artefloral.areaformacioncastellon.es\/wp-content\/uploads\/2026\/03\/mini-brindis-con-rosas-y-champan-150x150.webp 150w, https:\/\/artefloral.areaformacioncastellon.es\/wp-content\/uploads\/2026\/03\/mini-brindis-con-rosas-y-champan.webp 452w\" sizes=\"(max-width: 300px) 100vw, 300px\" \/><\/div>\n\t\t<\/a>\n\t\t\t\t<div class=\"elementor-post__text\">\n\t\t\t\t<h3 class=\"elementor-post__title\">\n\t\t\t<a href=\"https:\/\/artefloral.areaformacioncastellon.es\/index.php\/2026\/03\/30\/san-valentin\/\" >\n\t\t\t\tsan valentin\t\t\t<\/a>\n\t\t<\/h3>\n\t\t\t\t<div class=\"elementor-post__meta-data\">\n\t\t\t\t\t<span class=\"elementor-post-date\">\n\t\t\t30 de marzo de 2026\t\t<\/span>\n\t\t\t\t<span class=\"elementor-post-avatar\">\n\t\t\tNo hay comentarios\t\t<\/span>\n\t\t\t\t<\/div>\n\t\t\t\t<div class=\"elementor-post__excerpt\">\n\t\t\t<p>San Valent\u00edn en Arte Floral: el detalle perfecto para celebrar el amor San Valent\u00edn es una de las fechas m\u00e1s<\/p>\n\t\t<\/div>\n\t\t\n\t\t<a class=\"elementor-post__read-more\" href=\"https:\/\/artefloral.areaformacioncastellon.es\/index.php\/2026\/03\/30\/san-valentin\/\" aria-label=\"Read more about san valentin\" tabindex=\"-1\" >\n\t\t\tRead More \u00bb\t\t<\/a>\n\n\t\t\t\t<\/div>\n\t\t\t\t<\/article>\n\t\t\t\t<article class=\"elementor-post elementor-grid-item post-1 post type-post status-publish format-standard hentry category-sin-categoria\" role=\"listitem\">\n\t\t\t\t<div class=\"elementor-post__text\">\n\t\t\t\t<h3 class=\"elementor-post__title\">\n\t\t\t<a href=\"https:\/\/artefloral.areaformacioncastellon.es\/index.php\/2026\/03\/16\/hola-mundo\/\" >\n\t\t\t\t\u00a1Hola, mundo!\t\t\t<\/a>\n\t\t<\/h3>\n\t\t\t\t<div class=\"elementor-post__meta-data\">\n\t\t\t\t\t<span class=\"elementor-post-date\">\n\t\t\t16 de marzo de 2026\t\t<\/span>\n\t\t\t\t<span class=\"elementor-post-avatar\">\n\t\t\t1 comentario\t\t<\/span>\n\t\t\t\t<\/div>\n\t\t\t\t<div class=\"elementor-post__excerpt\">\n\t\t\t<p>Te damos la bienvenida a WordPress. Esta es tu primera entrada. Ed\u00edtala o b\u00f3rrala, \u00a1luego empieza a escribir!<\/p>\n\t\t<\/div>\n\t\t\n\t\t<a class=\"elementor-post__read-more\" href=\"https:\/\/artefloral.areaformacioncastellon.es\/index.php\/2026\/03\/16\/hola-mundo\/\" aria-label=\"Read more about \u00a1Hola, mundo!\" tabindex=\"-1\" >\n\t\t\tRead More \u00bb\t\t<\/a>\n\n\t\t\t\t<\/div>\n\t\t\t\t<\/article>\n\t\t\t\t<\/div>\n\t\t\n\t\t\t\t\t\t<\/div>\n\t\t\t\t<\/div>\n\t\t\t\t\t<\/div>\n\t\t\t\t<\/div>\n\t\t<div class=\"elementor-element elementor-element-3e9e0e9 e-flex e-con-boxed e-con e-parent\" data-id=\"3e9e0e9\" data-element_type=\"container\" data-e-type=\"container\">\n\t\t\t\t\t<div class=\"e-con-inner\">\n\t\t\t\t<div class=\"elementor-element elementor-element-6886272 elementor-widget-divider--view-line elementor-widget elementor-widget-divider\" data-id=\"6886272\" data-element_type=\"widget\" data-e-type=\"widget\" data-widget_type=\"divider.default\">\n\t\t\t\t\t\t\t<div class=\"elementor-divider\">\n\t\t\t<span class=\"elementor-divider-separator\">\n\t\t\t\t\t\t<\/span>\n\t\t<\/div>\n\t\t\t\t\t\t<\/div>\n\t\t\t\t\t<\/div>\n\t\t\t\t<\/div>\n\t\t\t\t<\/div>\n\t\t","protected":false},"excerpt":{"rendered":"<p>EL BLOG DE LAS FLORES<\/p>\n","protected":false},"author":1,"featured_media":0,"parent":0,"menu_order":0,"comment_status":"closed","ping_status":"closed","template":"","meta":{"_acf_changed":false,"site-sidebar-layout":"no-sidebar","site-content-layout":"","ast-site-content-layout":"full-width-container","site-content-style":"default","site-sidebar-style":"default","ast-global-header-display":"","ast-banner-title-visibility":"","ast-main-header-display":"","ast-hfb-above-header-display":"","ast-hfb-below-header-display":"","ast-hfb-mobile-header-display":"","site-post-title":"","ast-breadcrumbs-content":"","ast-featured-img":"disabled","footer-sml-layout":"","ast-disable-related-posts":"","theme-transparent-header-meta":"","adv-header-id-meta":"","stick-header-meta":"","header-above-stick-meta":"","header-main-stick-meta":"","header-below-stick-meta":"","astra-migrate-meta-layouts":"default","ast-page-background-enabled":"default","ast-page-background-meta":{"desktop":{"background-color":"var(--ast-global-color-5)","background-image":"","background-repeat":"repeat","background-position":"center center","background-size":"auto","background-attachment":"scroll","background-type":"","background-media":"","overlay-type":"","overlay-color":"","overlay-opacity":"","overlay-gradient":""},"tablet":{"background-color":"","background-image":"","background-repeat":"repeat","background-position":"center center","background-size":"auto","background-attachment":"scroll","background-type":"","background-media":"","overlay-type":"","overlay-color":"","overlay-opacity":"","overlay-gradient":""},"mobile":{"background-color":"","background-image":"","background-repeat":"repeat","background-position":"center center","background-size":"auto","background-attachment":"scroll","background-type":"","background-media":"","overlay-type":"","overlay-color":"","overlay-opacity":"","overlay-gradient":""}},"ast-content-background-meta":{"desktop":{"background-color":"var(--ast-global-color-4)","background-image":"","background-repeat":"repeat","background-position":"center center","background-size":"auto","background-attachment":"scroll","background-type":"","background-media":"","overlay-type":"","overlay-color":"","overlay-opacity":"","overlay-gradient":""},"tablet":{"background-color":"var(--ast-global-color-4)","background-image":"","background-repeat":"repeat","background-position":"center center","background-size":"auto","background-attachment":"scroll","background-type":"","background-media":"","overlay-type":"","overlay-color":"","overlay-opacity":"","overlay-gradient":""},"mobile":{"background-color":"var(--ast-global-color-4)","background-image":"","background-repeat":"repeat","background-position":"center center","background-size":"auto","background-attachment":"scroll","background-type":"","background-media":"","overlay-type":"","overlay-color":"","overlay-opacity":"","overlay-gradient":""}},"_vp_format_video_url":"","_vp_image_focal_point":[],"footnotes":""},"class_list":["post-45","page","type-page","status-publish","hentry"],"acf":[],"yoast_head":"<!-- This site is optimized with the Yoast SEO plugin v27.2 - https:\/\/yoast.com\/product\/yoast-seo-wordpress\/ -->\n<title>el bloc de las flores -<\/title>\n<meta name=\"robots\" content=\"noindex, follow, max-snippet:-1, max-image-preview:large, max-video-preview:-1\" \/>\n<meta property=\"og:locale\" content=\"es_ES\" \/>\n<meta property=\"og:type\" content=\"article\" \/>\n<meta property=\"og:title\" content=\"el bloc de las flores -\" \/>\n<meta property=\"og:description\" content=\"EL BLOG DE LAS FLORES\" \/>\n<meta property=\"og:url\" content=\"https:\/\/artefloral.areaformacioncastellon.es\/index.php\/blog-personalizada\/\" \/>\n<meta property=\"article:modified_time\" content=\"2026-04-27T11:44:49+00:00\" \/>\n<meta name=\"twitter:card\" content=\"summary_large_image\" \/>\n<script type=\"application\/ld+json\" class=\"yoast-schema-graph\">{\"@context\":\"https:\/\/schema.org\",\"@graph\":[{\"@type\":\"WebPage\",\"@id\":\"https:\/\/artefloral.areaformacioncastellon.es\/index.php\/blog-personalizada\/\",\"url\":\"https:\/\/artefloral.areaformacioncastellon.es\/index.php\/blog-personalizada\/\",\"name\":\"el bloc de las flores -\",\"isPartOf\":{\"@id\":\"https:\/\/artefloral.areaformacioncastellon.es\/#website\"},\"datePublished\":\"2026-03-31T09:42:34+00:00\",\"dateModified\":\"2026-04-27T11:44:49+00:00\",\"breadcrumb\":{\"@id\":\"https:\/\/artefloral.areaformacioncastellon.es\/index.php\/blog-personalizada\/#breadcrumb\"},\"inLanguage\":\"es\",\"potentialAction\":[{\"@type\":\"ReadAction\",\"target\":[\"https:\/\/artefloral.areaformacioncastellon.es\/index.php\/blog-personalizada\/\"]}]},{\"@type\":\"BreadcrumbList\",\"@id\":\"https:\/\/artefloral.areaformacioncastellon.es\/index.php\/blog-personalizada\/#breadcrumb\",\"itemListElement\":[{\"@type\":\"ListItem\",\"position\":1,\"name\":\"Portada\",\"item\":\"https:\/\/artefloral.areaformacioncastellon.es\/\"},{\"@type\":\"ListItem\",\"position\":2,\"name\":\"el bloc de las flores\"}]},{\"@type\":\"WebSite\",\"@id\":\"https:\/\/artefloral.areaformacioncastellon.es\/#website\",\"url\":\"https:\/\/artefloral.areaformacioncastellon.es\/\",\"name\":\"\",\"description\":\"\",\"potentialAction\":[{\"@type\":\"SearchAction\",\"target\":{\"@type\":\"EntryPoint\",\"urlTemplate\":\"https:\/\/artefloral.areaformacioncastellon.es\/?s={search_term_string}\"},\"query-input\":{\"@type\":\"PropertyValueSpecification\",\"valueRequired\":true,\"valueName\":\"search_term_string\"}}],\"inLanguage\":\"es\"}]}<\/script>\n<!-- \/ Yoast SEO plugin. -->","yoast_head_json":{"title":"el bloc de las flores -","robots":{"index":"noindex","follow":"follow","max-snippet":"max-snippet:-1","max-image-preview":"max-image-preview:large","max-video-preview":"max-video-preview:-1"},"og_locale":"es_ES","og_type":"article","og_title":"el bloc de las flores -","og_description":"EL BLOG DE LAS FLORES","og_url":"https:\/\/artefloral.areaformacioncastellon.es\/index.php\/blog-personalizada\/","article_modified_time":"2026-04-27T11:44:49+00:00","twitter_card":"summary_large_image","schema":{"@context":"https:\/\/schema.org","@graph":[{"@type":"WebPage","@id":"https:\/\/artefloral.areaformacioncastellon.es\/index.php\/blog-personalizada\/","url":"https:\/\/artefloral.areaformacioncastellon.es\/index.php\/blog-personalizada\/","name":"el bloc de las flores -","isPartOf":{"@id":"https:\/\/artefloral.areaformacioncastellon.es\/#website"},"datePublished":"2026-03-31T09:42:34+00:00","dateModified":"2026-04-27T11:44:49+00:00","breadcrumb":{"@id":"https:\/\/artefloral.areaformacioncastellon.es\/index.php\/blog-personalizada\/#breadcrumb"},"inLanguage":"es","potentialAction":[{"@type":"ReadAction","target":["https:\/\/artefloral.areaformacioncastellon.es\/index.php\/blog-personalizada\/"]}]},{"@type":"BreadcrumbList","@id":"https:\/\/artefloral.areaformacioncastellon.es\/index.php\/blog-personalizada\/#breadcrumb","itemListElement":[{"@type":"ListItem","position":1,"name":"Portada","item":"https:\/\/artefloral.areaformacioncastellon.es\/"},{"@type":"ListItem","position":2,"name":"el bloc de las flores"}]},{"@type":"WebSite","@id":"https:\/\/artefloral.areaformacioncastellon.es\/#website","url":"https:\/\/artefloral.areaformacioncastellon.es\/","name":"","description":"","potentialAction":[{"@type":"SearchAction","target":{"@type":"EntryPoint","urlTemplate":"https:\/\/artefloral.areaformacioncastellon.es\/?s={search_term_string}"},"query-input":{"@type":"PropertyValueSpecification","valueRequired":true,"valueName":"search_term_string"}}],"inLanguage":"es"}]}},"_links":{"self":[{"href":"https:\/\/artefloral.areaformacioncastellon.es\/index.php\/wp-json\/wp\/v2\/pages\/45","targetHints":{"allow":["GET"]}}],"collection":[{"href":"https:\/\/artefloral.areaformacioncastellon.es\/index.php\/wp-json\/wp\/v2\/pages"}],"about":[{"href":"https:\/\/artefloral.areaformacioncastellon.es\/index.php\/wp-json\/wp\/v2\/types\/page"}],"author":[{"embeddable":true,"href":"https:\/\/artefloral.areaformacioncastellon.es\/index.php\/wp-json\/wp\/v2\/users\/1"}],"replies":[{"embeddable":true,"href":"https:\/\/artefloral.areaformacioncastellon.es\/index.php\/wp-json\/wp\/v2\/comments?post=45"}],"version-history":[{"count":16,"href":"https:\/\/artefloral.areaformacioncastellon.es\/index.php\/wp-json\/wp\/v2\/pages\/45\/revisions"}],"predecessor-version":[{"id":238,"href":"https:\/\/artefloral.areaformacioncastellon.es\/index.php\/wp-json\/wp\/v2\/pages\/45\/revisions\/238"}],"wp:attachment":[{"href":"https:\/\/artefloral.areaformacioncastellon.es\/index.php\/wp-json\/wp\/v2\/media?parent=45"}],"curies":[{"name":"wp","href":"https:\/\/api.w.org\/{rel}","templated":true}]}}