{"id":80,"date":"2026-04-10T09:33:33","date_gmt":"2026-04-10T07:33:33","guid":{"rendered":"https:\/\/artefloral.areaformacioncastellon.es\/?page_id=80"},"modified":"2026-04-29T13:33:26","modified_gmt":"2026-04-29T11:33:26","slug":"funerarios","status":"publish","type":"page","link":"https:\/\/artefloral.areaformacioncastellon.es\/index.php\/funerarios\/","title":{"rendered":"funerarios"},"content":{"rendered":"\t\t<div data-elementor-type=\"wp-page\" data-elementor-id=\"80\" class=\"elementor elementor-80\" data-elementor-post-type=\"page\">\n\t\t\t\t<div class=\"elementor-element elementor-element-0281672 e-flex e-con-boxed e-con e-parent\" data-id=\"0281672\" data-element_type=\"container\" data-e-type=\"container\">\n\t\t\t\t\t<div class=\"e-con-inner\">\n\t\t\t\t<div class=\"elementor-element elementor-element-b65317a elementor-widget elementor-widget-text-editor\" data-id=\"b65317a\" data-element_type=\"widget\" data-e-type=\"widget\" data-widget_type=\"text-editor.default\">\n\t\t\t\t\t\t\t\t\t<ul><li><h3>En momentos de despedida, las palabras pueden no ser suficientes para expresar todo lo que sentimos. Por eso, en nuestra florister\u00eda online ponemos a tu disposici\u00f3n una selecci\u00f3n de <strong>coronas funerarias<\/strong> dise\u00f1adas con respeto, elegancia y sensibilidad. Cada una de nuestras coronas es elaborada de manera artesanal, utilizando flores frescas de la m\u00e1s alta calidad, cuidadosamente combinadas para transmitir serenidad, cari\u00f1o y homenaje hacia quien ha partido.<\/h3><\/li><\/ul>\t\t\t\t\t\t\t\t<\/div>\n\t\t<div class=\"elementor-element elementor-element-f35c09d e-con-full e-flex e-con e-child\" data-id=\"f35c09d\" data-element_type=\"container\" data-e-type=\"container\">\n\t\t\t\t<\/div>\n\t\t\t\t\t<\/div>\n\t\t\t\t<\/div>\n\t\t<div class=\"elementor-element elementor-element-a6cd173 e-flex e-con-boxed e-con e-parent\" data-id=\"a6cd173\" data-element_type=\"container\" data-e-type=\"container\">\n\t\t\t\t\t<div class=\"e-con-inner\">\n\t\t<div class=\"elementor-element elementor-element-f1187e6 e-con-full e-flex e-con e-child\" data-id=\"f1187e6\" data-element_type=\"container\" data-e-type=\"container\">\n\t\t\t\t<div class=\"elementor-element elementor-element-028a1d3 elementor-widget elementor-widget-image\" data-id=\"028a1d3\" data-element_type=\"widget\" data-e-type=\"widget\" data-widget_type=\"image.default\">\n\t\t\t\t\t\t\t\t\t\t\t\t\t\t\t<img fetchpriority=\"high\" decoding=\"async\" width=\"612\" height=\"408\" src=\"https:\/\/artefloral.areaformacioncastellon.es\/wp-content\/uploads\/2026\/04\/web-funeral2.jpg\" class=\"attachment-large size-large wp-image-337\" alt=\"\" srcset=\"https:\/\/artefloral.areaformacioncastellon.es\/wp-content\/uploads\/2026\/04\/web-funeral2.jpg 612w, https:\/\/artefloral.areaformacioncastellon.es\/wp-content\/uploads\/2026\/04\/web-funeral2-300x200.jpg 300w, https:\/\/artefloral.areaformacioncastellon.es\/wp-content\/uploads\/2026\/04\/web-funeral2-500x333.jpg 500w\" sizes=\"(max-width: 612px) 100vw, 612px\" \/>\t\t\t\t\t\t\t\t\t\t\t\t\t\t\t<\/div>\n\t\t\t\t<\/div>\n\t\t<div class=\"elementor-element elementor-element-1979739 e-con-full e-flex e-con e-child\" data-id=\"1979739\" data-element_type=\"container\" data-e-type=\"container\">\n\t\t\t\t<div class=\"elementor-element elementor-element-bc1097f elementor-widget elementor-widget-image\" data-id=\"bc1097f\" data-element_type=\"widget\" data-e-type=\"widget\" data-widget_type=\"image.default\">\n\t\t\t\t\t\t\t\t\t\t\t\t\t\t\t<img decoding=\"async\" width=\"612\" height=\"408\" src=\"https:\/\/artefloral.areaformacioncastellon.es\/wp-content\/uploads\/2026\/04\/web-funeral3.jpg\" class=\"attachment-large size-large wp-image-338\" alt=\"\" srcset=\"https:\/\/artefloral.areaformacioncastellon.es\/wp-content\/uploads\/2026\/04\/web-funeral3.jpg 612w, https:\/\/artefloral.areaformacioncastellon.es\/wp-content\/uploads\/2026\/04\/web-funeral3-300x200.jpg 300w, https:\/\/artefloral.areaformacioncastellon.es\/wp-content\/uploads\/2026\/04\/web-funeral3-500x333.jpg 500w\" sizes=\"(max-width: 612px) 100vw, 612px\" \/>\t\t\t\t\t\t\t\t\t\t\t\t\t\t\t<\/div>\n\t\t\t\t<\/div>\n\t\t<div class=\"elementor-element elementor-element-ecbacd9 e-con-full e-flex e-con e-child\" data-id=\"ecbacd9\" data-element_type=\"container\" data-e-type=\"container\">\n\t\t\t\t<div class=\"elementor-element elementor-element-c844fa4 elementor-widget elementor-widget-image\" data-id=\"c844fa4\" data-element_type=\"widget\" data-e-type=\"widget\" data-widget_type=\"image.default\">\n\t\t\t\t\t\t\t\t\t\t\t\t\t\t\t<img decoding=\"async\" width=\"612\" height=\"459\" src=\"https:\/\/artefloral.areaformacioncastellon.es\/wp-content\/uploads\/2026\/04\/web-funerarias-1.jpg\" class=\"attachment-large size-large wp-image-342\" alt=\"\" srcset=\"https:\/\/artefloral.areaformacioncastellon.es\/wp-content\/uploads\/2026\/04\/web-funerarias-1.jpg 612w, https:\/\/artefloral.areaformacioncastellon.es\/wp-content\/uploads\/2026\/04\/web-funerarias-1-300x225.jpg 300w, https:\/\/artefloral.areaformacioncastellon.es\/wp-content\/uploads\/2026\/04\/web-funerarias-1-500x375.jpg 500w\" sizes=\"(max-width: 612px) 100vw, 612px\" \/>\t\t\t\t\t\t\t\t\t\t\t\t\t\t\t<\/div>\n\t\t\t\t<\/div>\n\t\t<div class=\"elementor-element elementor-element-d49e21f e-con-full e-flex e-con e-child\" data-id=\"d49e21f\" data-element_type=\"container\" data-e-type=\"container\">\n\t\t\t\t<div class=\"elementor-element elementor-element-0bfaf63 elementor-widget elementor-widget-image\" data-id=\"0bfaf63\" data-element_type=\"widget\" data-e-type=\"widget\" data-widget_type=\"image.default\">\n\t\t\t\t\t\t\t\t\t\t\t\t\t\t\t<img loading=\"lazy\" decoding=\"async\" width=\"612\" height=\"408\" src=\"https:\/\/artefloral.areaformacioncastellon.es\/wp-content\/uploads\/2026\/04\/web-funeral5.jpg\" class=\"attachment-large size-large wp-image-340\" alt=\"\" srcset=\"https:\/\/artefloral.areaformacioncastellon.es\/wp-content\/uploads\/2026\/04\/web-funeral5.jpg 612w, https:\/\/artefloral.areaformacioncastellon.es\/wp-content\/uploads\/2026\/04\/web-funeral5-300x200.jpg 300w, https:\/\/artefloral.areaformacioncastellon.es\/wp-content\/uploads\/2026\/04\/web-funeral5-500x333.jpg 500w\" sizes=\"(max-width: 612px) 100vw, 612px\" \/>\t\t\t\t\t\t\t\t\t\t\t\t\t\t\t<\/div>\n\t\t\t\t<\/div>\n\t\t<div class=\"elementor-element elementor-element-fcb4b22 e-con-full e-flex e-con e-child\" data-id=\"fcb4b22\" data-element_type=\"container\" data-e-type=\"container\">\n\t\t\t\t<div class=\"elementor-element elementor-element-ffb7705 elementor-widget elementor-widget-image\" data-id=\"ffb7705\" data-element_type=\"widget\" data-e-type=\"widget\" data-widget_type=\"image.default\">\n\t\t\t\t\t\t\t\t\t\t\t\t\t\t\t<img loading=\"lazy\" decoding=\"async\" width=\"612\" height=\"407\" src=\"https:\/\/artefloral.areaformacioncastellon.es\/wp-content\/uploads\/2026\/04\/web-funeral6.jpg\" class=\"attachment-large size-large wp-image-341\" alt=\"\" srcset=\"https:\/\/artefloral.areaformacioncastellon.es\/wp-content\/uploads\/2026\/04\/web-funeral6.jpg 612w, https:\/\/artefloral.areaformacioncastellon.es\/wp-content\/uploads\/2026\/04\/web-funeral6-300x200.jpg 300w, https:\/\/artefloral.areaformacioncastellon.es\/wp-content\/uploads\/2026\/04\/web-funeral6-500x333.jpg 500w\" sizes=\"(max-width: 612px) 100vw, 612px\" \/>\t\t\t\t\t\t\t\t\t\t\t\t\t\t\t<\/div>\n\t\t\t\t<\/div>\n\t\t<div class=\"elementor-element elementor-element-9031e53 e-con-full e-flex e-con e-child\" data-id=\"9031e53\" data-element_type=\"container\" data-e-type=\"container\">\n\t\t\t\t<div class=\"elementor-element elementor-element-9e73374 elementor-widget elementor-widget-image\" data-id=\"9e73374\" data-element_type=\"widget\" data-e-type=\"widget\" data-widget_type=\"image.default\">\n\t\t\t\t\t\t\t\t\t\t\t\t\t\t\t<img loading=\"lazy\" decoding=\"async\" width=\"612\" height=\"459\" src=\"https:\/\/artefloral.areaformacioncastellon.es\/wp-content\/uploads\/2026\/04\/web-funeral4.jpg\" class=\"attachment-large size-large wp-image-339\" alt=\"\" srcset=\"https:\/\/artefloral.areaformacioncastellon.es\/wp-content\/uploads\/2026\/04\/web-funeral4.jpg 612w, https:\/\/artefloral.areaformacioncastellon.es\/wp-content\/uploads\/2026\/04\/web-funeral4-300x225.jpg 300w, https:\/\/artefloral.areaformacioncastellon.es\/wp-content\/uploads\/2026\/04\/web-funeral4-500x375.jpg 500w\" sizes=\"(max-width: 612px) 100vw, 612px\" \/>\t\t\t\t\t\t\t\t\t\t\t\t\t\t\t<\/div>\n\t\t\t\t<\/div>\n\t\t\t\t\t<\/div>\n\t\t\t\t<\/div>\n\t\t\t\t<\/div>\n\t\t","protected":false},"excerpt":{"rendered":"<p>En momentos de despedida, las palabras pueden no ser suficientes para expresar todo lo que sentimos. Por eso, en nuestra [&hellip;]<\/p>\n","protected":false},"author":1,"featured_media":93,"parent":0,"menu_order":0,"comment_status":"closed","ping_status":"closed","template":"","meta":{"_acf_changed":false,"site-sidebar-layout":"no-sidebar","site-content-layout":"","ast-site-content-layout":"full-width-container","site-content-style":"default","site-sidebar-style":"default","ast-global-header-display":"","ast-banner-title-visibility":"","ast-main-header-display":"","ast-hfb-above-header-display":"","ast-hfb-below-header-display":"","ast-hfb-mobile-header-display":"","site-post-title":"","ast-breadcrumbs-content":"","ast-featured-img":"disabled","footer-sml-layout":"","ast-disable-related-posts":"","theme-transparent-header-meta":"","adv-header-id-meta":"","stick-header-meta":"","header-above-stick-meta":"","header-main-stick-meta":"","header-below-stick-meta":"","astra-migrate-meta-layouts":"default","ast-page-background-enabled":"default","ast-page-background-meta":{"desktop":{"background-color":"var(--ast-global-color-5)","background-image":"","background-repeat":"repeat","background-position":"center center","background-size":"auto","background-attachment":"scroll","background-type":"","background-media":"","overlay-type":"","overlay-color":"","overlay-opacity":"","overlay-gradient":""},"tablet":{"background-color":"","background-image":"","background-repeat":"repeat","background-position":"center center","background-size":"auto","background-attachment":"scroll","background-type":"","background-media":"","overlay-type":"","overlay-color":"","overlay-opacity":"","overlay-gradient":""},"mobile":{"background-color":"","background-image":"","background-repeat":"repeat","background-position":"center center","background-size":"auto","background-attachment":"scroll","background-type":"","background-media":"","overlay-type":"","overlay-color":"","overlay-opacity":"","overlay-gradient":""}},"ast-content-background-meta":{"desktop":{"background-color":"var(--ast-global-color-4)","background-image":"","background-repeat":"repeat","background-position":"center center","background-size":"auto","background-attachment":"scroll","background-type":"","background-media":"","overlay-type":"","overlay-color":"","overlay-opacity":"","overlay-gradient":""},"tablet":{"background-color":"var(--ast-global-color-4)","background-image":"","background-repeat":"repeat","background-position":"center center","background-size":"auto","background-attachment":"scroll","background-type":"","background-media":"","overlay-type":"","overlay-color":"","overlay-opacity":"","overlay-gradient":""},"mobile":{"background-color":"var(--ast-global-color-4)","background-image":"","background-repeat":"repeat","background-position":"center center","background-size":"auto","background-attachment":"scroll","background-type":"","background-media":"","overlay-type":"","overlay-color":"","overlay-opacity":"","overlay-gradient":""}},"_vp_format_video_url":"","_vp_image_focal_point":[],"footnotes":""},"class_list":["post-80","page","type-page","status-publish","has-post-thumbnail","hentry"],"acf":[],"yoast_head":"<!-- This site is optimized with the Yoast SEO plugin v27.2 - https:\/\/yoast.com\/product\/yoast-seo-wordpress\/ -->\n<title>funerarios -<\/title>\n<meta name=\"robots\" content=\"noindex, follow, max-snippet:-1, max-image-preview:large, max-video-preview:-1\" \/>\n<meta property=\"og:locale\" content=\"es_ES\" \/>\n<meta property=\"og:type\" content=\"article\" \/>\n<meta property=\"og:title\" content=\"funerarios -\" \/>\n<meta property=\"og:description\" content=\"En momentos de despedida, las palabras pueden no ser suficientes para expresar todo lo que sentimos. Por eso, en nuestra [&hellip;]\" \/>\n<meta property=\"og:url\" content=\"https:\/\/artefloral.areaformacioncastellon.es\/index.php\/funerarios\/\" \/>\n<meta property=\"article:modified_time\" content=\"2026-04-29T11:33:26+00:00\" \/>\n<meta name=\"twitter:card\" content=\"summary_large_image\" \/>\n<meta name=\"twitter:label1\" content=\"Tiempo de lectura\" \/>\n\t<meta name=\"twitter:data1\" content=\"1 minuto\" \/>\n<script type=\"application\/ld+json\" class=\"yoast-schema-graph\">{\"@context\":\"https:\/\/schema.org\",\"@graph\":[{\"@type\":\"WebPage\",\"@id\":\"https:\/\/artefloral.areaformacioncastellon.es\/index.php\/funerarios\/\",\"url\":\"https:\/\/artefloral.areaformacioncastellon.es\/index.php\/funerarios\/\",\"name\":\"funerarios -\",\"isPartOf\":{\"@id\":\"https:\/\/artefloral.areaformacioncastellon.es\/#website\"},\"primaryImageOfPage\":{\"@id\":\"https:\/\/artefloral.areaformacioncastellon.es\/index.php\/funerarios\/#primaryimage\"},\"image\":{\"@id\":\"https:\/\/artefloral.areaformacioncastellon.es\/index.php\/funerarios\/#primaryimage\"},\"thumbnailUrl\":\"https:\/\/artefloral.areaformacioncastellon.es\/wp-content\/uploads\/2026\/04\/corona-funeraria.avif\",\"datePublished\":\"2026-04-10T07:33:33+00:00\",\"dateModified\":\"2026-04-29T11:33:26+00:00\",\"breadcrumb\":{\"@id\":\"https:\/\/artefloral.areaformacioncastellon.es\/index.php\/funerarios\/#breadcrumb\"},\"inLanguage\":\"es\",\"potentialAction\":[{\"@type\":\"ReadAction\",\"target\":[\"https:\/\/artefloral.areaformacioncastellon.es\/index.php\/funerarios\/\"]}]},{\"@type\":\"ImageObject\",\"inLanguage\":\"es\",\"@id\":\"https:\/\/artefloral.areaformacioncastellon.es\/index.php\/funerarios\/#primaryimage\",\"url\":\"https:\/\/artefloral.areaformacioncastellon.es\/wp-content\/uploads\/2026\/04\/corona-funeraria.avif\",\"contentUrl\":\"https:\/\/artefloral.areaformacioncastellon.es\/wp-content\/uploads\/2026\/04\/corona-funeraria.avif\",\"width\":850,\"height\":1050},{\"@type\":\"BreadcrumbList\",\"@id\":\"https:\/\/artefloral.areaformacioncastellon.es\/index.php\/funerarios\/#breadcrumb\",\"itemListElement\":[{\"@type\":\"ListItem\",\"position\":1,\"name\":\"Portada\",\"item\":\"https:\/\/artefloral.areaformacioncastellon.es\/\"},{\"@type\":\"ListItem\",\"position\":2,\"name\":\"funerarios\"}]},{\"@type\":\"WebSite\",\"@id\":\"https:\/\/artefloral.areaformacioncastellon.es\/#website\",\"url\":\"https:\/\/artefloral.areaformacioncastellon.es\/\",\"name\":\"\",\"description\":\"\",\"potentialAction\":[{\"@type\":\"SearchAction\",\"target\":{\"@type\":\"EntryPoint\",\"urlTemplate\":\"https:\/\/artefloral.areaformacioncastellon.es\/?s={search_term_string}\"},\"query-input\":{\"@type\":\"PropertyValueSpecification\",\"valueRequired\":true,\"valueName\":\"search_term_string\"}}],\"inLanguage\":\"es\"}]}<\/script>\n<!-- \/ Yoast SEO plugin. -->","yoast_head_json":{"title":"funerarios -","robots":{"index":"noindex","follow":"follow","max-snippet":"max-snippet:-1","max-image-preview":"max-image-preview:large","max-video-preview":"max-video-preview:-1"},"og_locale":"es_ES","og_type":"article","og_title":"funerarios -","og_description":"En momentos de despedida, las palabras pueden no ser suficientes para expresar todo lo que sentimos. Por eso, en nuestra [&hellip;]","og_url":"https:\/\/artefloral.areaformacioncastellon.es\/index.php\/funerarios\/","article_modified_time":"2026-04-29T11:33:26+00:00","twitter_card":"summary_large_image","twitter_misc":{"Tiempo de lectura":"1 minuto"},"schema":{"@context":"https:\/\/schema.org","@graph":[{"@type":"WebPage","@id":"https:\/\/artefloral.areaformacioncastellon.es\/index.php\/funerarios\/","url":"https:\/\/artefloral.areaformacioncastellon.es\/index.php\/funerarios\/","name":"funerarios -","isPartOf":{"@id":"https:\/\/artefloral.areaformacioncastellon.es\/#website"},"primaryImageOfPage":{"@id":"https:\/\/artefloral.areaformacioncastellon.es\/index.php\/funerarios\/#primaryimage"},"image":{"@id":"https:\/\/artefloral.areaformacioncastellon.es\/index.php\/funerarios\/#primaryimage"},"thumbnailUrl":"https:\/\/artefloral.areaformacioncastellon.es\/wp-content\/uploads\/2026\/04\/corona-funeraria.avif","datePublished":"2026-04-10T07:33:33+00:00","dateModified":"2026-04-29T11:33:26+00:00","breadcrumb":{"@id":"https:\/\/artefloral.areaformacioncastellon.es\/index.php\/funerarios\/#breadcrumb"},"inLanguage":"es","potentialAction":[{"@type":"ReadAction","target":["https:\/\/artefloral.areaformacioncastellon.es\/index.php\/funerarios\/"]}]},{"@type":"ImageObject","inLanguage":"es","@id":"https:\/\/artefloral.areaformacioncastellon.es\/index.php\/funerarios\/#primaryimage","url":"https:\/\/artefloral.areaformacioncastellon.es\/wp-content\/uploads\/2026\/04\/corona-funeraria.avif","contentUrl":"https:\/\/artefloral.areaformacioncastellon.es\/wp-content\/uploads\/2026\/04\/corona-funeraria.avif","width":850,"height":1050},{"@type":"BreadcrumbList","@id":"https:\/\/artefloral.areaformacioncastellon.es\/index.php\/funerarios\/#breadcrumb","itemListElement":[{"@type":"ListItem","position":1,"name":"Portada","item":"https:\/\/artefloral.areaformacioncastellon.es\/"},{"@type":"ListItem","position":2,"name":"funerarios"}]},{"@type":"WebSite","@id":"https:\/\/artefloral.areaformacioncastellon.es\/#website","url":"https:\/\/artefloral.areaformacioncastellon.es\/","name":"","description":"","potentialAction":[{"@type":"SearchAction","target":{"@type":"EntryPoint","urlTemplate":"https:\/\/artefloral.areaformacioncastellon.es\/?s={search_term_string}"},"query-input":{"@type":"PropertyValueSpecification","valueRequired":true,"valueName":"search_term_string"}}],"inLanguage":"es"}]}},"_links":{"self":[{"href":"https:\/\/artefloral.areaformacioncastellon.es\/index.php\/wp-json\/wp\/v2\/pages\/80","targetHints":{"allow":["GET"]}}],"collection":[{"href":"https:\/\/artefloral.areaformacioncastellon.es\/index.php\/wp-json\/wp\/v2\/pages"}],"about":[{"href":"https:\/\/artefloral.areaformacioncastellon.es\/index.php\/wp-json\/wp\/v2\/types\/page"}],"author":[{"embeddable":true,"href":"https:\/\/artefloral.areaformacioncastellon.es\/index.php\/wp-json\/wp\/v2\/users\/1"}],"replies":[{"embeddable":true,"href":"https:\/\/artefloral.areaformacioncastellon.es\/index.php\/wp-json\/wp\/v2\/comments?post=80"}],"version-history":[{"count":39,"href":"https:\/\/artefloral.areaformacioncastellon.es\/index.php\/wp-json\/wp\/v2\/pages\/80\/revisions"}],"predecessor-version":[{"id":345,"href":"https:\/\/artefloral.areaformacioncastellon.es\/index.php\/wp-json\/wp\/v2\/pages\/80\/revisions\/345"}],"wp:featuredmedia":[{"embeddable":true,"href":"https:\/\/artefloral.areaformacioncastellon.es\/index.php\/wp-json\/wp\/v2\/media\/93"}],"wp:attachment":[{"href":"https:\/\/artefloral.areaformacioncastellon.es\/index.php\/wp-json\/wp\/v2\/media?parent=80"}],"curies":[{"name":"wp","href":"https:\/\/api.w.org\/{rel}","templated":true}]}}